{"id":237,"date":"2023-11-26T19:45:45","date_gmt":"2023-11-26T18:45:45","guid":{"rendered":"https:\/\/wordpress.mittlere-vils.de\/?page_id=237"},"modified":"2025-05-27T20:24:24","modified_gmt":"2025-05-27T18:24:24","slug":"unser-wasser","status":"publish","type":"page","link":"https:\/\/www.mittlere-vils.de\/?page_id=237","title":{"rendered":"Unser Wasser"},"content":{"rendered":"\n<div style=\"height:43px\" aria-hidden=\"true\" class=\"wp-block-spacer\"><\/div>\n\n\n<h2 style=\"text-align: center;\"><strong>Hier finden Sie alles \u00fcber unsere Wasserpreise, Wasserqualit\u00e4t, Herstellungsbeitr\u00e4ge, Grundst\u00fccksanschlusskosten und Geb\u00fchren<br \/><\/strong><\/h2>\n<\/p>\n\n\n<div class=\"wp-block-buttons is-layout-flex wp-block-buttons-is-layout-flex\">\n<div class=\"wp-block-button is-style-fill\"><a class=\"wp-block-button__link wp-element-button\" href=\"https:\/\/www.mittlere-vils.de\/?page_id=224\">Wasserpreise<\/a><\/div>\n<\/div>\n\n\n\n<hr class=\"wp-block-separator has-alpha-channel-opacity\"\/>\n\n\n\n<div class=\"wp-block-buttons is-layout-flex wp-block-buttons-is-layout-flex\">\n<div class=\"wp-block-button is-style-fill\"><a class=\"wp-block-button__link wp-element-button\" href=\"https:\/\/www.mittlere-vils.de\/?page_id=239\">Wasserqualit\u00e4t und Analyse<\/a><\/div>\n<\/div>\n\n\n\n<hr class=\"wp-block-separator has-alpha-channel-opacity\"\/>\n\n\n\n<div class=\"wp-block-buttons is-layout-flex wp-block-buttons-is-layout-flex\">\n<div class=\"wp-block-button is-style-fill\"><a class=\"wp-block-button__link wp-element-button\" href=\"https:\/\/www.mittlere-vils.de\/?page_id=312\">Geb\u00fchren<\/a><\/div>\n<\/div>\n\n\n\n<div style=\"height:30px\" aria-hidden=\"true\" class=\"wp-block-spacer\"><\/div>\n\n\n\n<p><\/p>\n","protected":false},"excerpt":{"rendered":"<p>Hier finden Sie alles \u00fcber unsere Wasserpreise, Wasserqualit\u00e4t, Herstellungsbeitr\u00e4ge, Grundst\u00fccksanschlusskosten und Geb\u00fchren<\/p>\n","protected":false},"author":2,"featured_media":0,"parent":0,"menu_order":0,"comment_status":"closed","ping_status":"closed","template":"","meta":{"footnotes":""},"class_list":["post-237","page","type-page","status-publish","hentry","entry"],"_links":{"self":[{"href":"https:\/\/www.mittlere-vils.de\/index.php?rest_route=\/wp\/v2\/pages\/237","targetHints":{"allow":["GET"]}}],"collection":[{"href":"https:\/\/www.mittlere-vils.de\/index.php?rest_route=\/wp\/v2\/pages"}],"about":[{"href":"https:\/\/www.mittlere-vils.de\/index.php?rest_route=\/wp\/v2\/types\/page"}],"author":[{"embeddable":true,"href":"https:\/\/www.mittlere-vils.de\/index.php?rest_route=\/wp\/v2\/users\/2"}],"replies":[{"embeddable":true,"href":"https:\/\/www.mittlere-vils.de\/index.php?rest_route=%2Fwp%2Fv2%2Fcomments&post=237"}],"version-history":[{"count":29,"href":"https:\/\/www.mittlere-vils.de\/index.php?rest_route=\/wp\/v2\/pages\/237\/revisions"}],"predecessor-version":[{"id":706,"href":"https:\/\/www.mittlere-vils.de\/index.php?rest_route=\/wp\/v2\/pages\/237\/revisions\/706"}],"wp:attachment":[{"href":"https:\/\/www.mittlere-vils.de\/index.php?rest_route=%2Fwp%2Fv2%2Fmedia&parent=237"}],"curies":[{"name":"wp","href":"https:\/\/api.w.org\/{rel}","templated":true}]}}