{"id":2,"date":"2022-11-17T09:40:16","date_gmt":"2022-11-17T08:40:16","guid":{"rendered":"https:\/\/wordpress.mittlere-vils.de\/?page_id=2"},"modified":"2025-05-27T12:41:02","modified_gmt":"2025-05-27T10:41:02","slug":"beispiel-seite","status":"publish","type":"page","link":"https:\/\/www.mittlere-vils.de\/?page_id=2","title":{"rendered":"\u00dcber Uns"},"content":{"rendered":"<p style=\"text-align: left;\">Wir stellen als Zweckverband die Wasserversorgung f\u00fcr unsere Mitgliedsgemeinden sicher. Seine Bereitstellung geh\u00f6rt in den Bereich der sogenannten \u00f6ffentlichen Daseinsvorsorge, D.h., weil es als existenziell eingestuft ist, z\u00e4hlen seine Bereitstellung sowie der freie Zugang f\u00fcr alle B\u00fcrger zu den Aufgaben des Staates. Zust\u00e4ndig f\u00fcr die \u00f6ffentliche Trinkwasserversorgung sind in erster Linie die Gemeinden \u2013 unter Aufsicht der jeweiligen Bundesl\u00e4nder, aber auch Wasser\u00ad(zweck)\u00adverb\u00e4nde sowie Wassergenossenschaften.<\/p>\n<p>Als K\u00f6rperschaft des \u00f6ffentlichen Rechts, dessen Tr\u00e4ger die Mitgliedsgemeinden sind, erf\u00fcllen wir unsere Aufgabe &#8222;Trinkwasserversorgung&#8220; ohne Gewinnabsicht (im Gegensatz zu privaten Rechtsformen). Wir dienen ausschliesslich und unmittelbar gemeinn\u00fctzigen Zwecken im Sinne des Steuerrechts.<\/p>\n<p>Wir arbeiten Tag f\u00fcr Tag, um die Versorgung unserer Abnehmer mit einwandfreiem Trinkwasser zu gew\u00e4hrleisten.<\/p>\n<div id=\"\" class=\"row ac ac--multicolumn ac-multicolumn213 tropfen\">\n<div class=\"span12\">\n<p><strong>K\u00fcnftige Herausforderungen f\u00fcr die Wasserversorgung sind u.a.:<\/strong><\/p>\n<ul>\n<li>Beeintr\u00e4chtigung der Wasserqualit\u00e4t durch Umwelt- u. Umfeld-Einfl\u00fcsse<\/li>\n<li>Regionale Auswirkungen des globalen Klimawandels<\/li>\n<li>Zunehmende Alterungs- und Verschlei\u00dferscheinungen der Infrastruktur, wie Rohrnetze, Hochbeh\u00e4lter, Pumpen etc.<\/li>\n<li>Effizienter Umgang mit Ressourcen (v.a. Energie)<\/li>\n<\/ul>\n<\/div>\n<\/div>\n<div id=\"\" class=\"row ac ac--multicolumn ac-multicolumn909 tropfen\">\n<div class=\"span12\">\n<p><strong>Nur wenn wir uns diesen Herausforderungen annehmen und die richtigen<\/strong><br \/><strong>Weichen stellen, k\u00f6nnen:<\/strong><\/p>\n<ul>\n<li>die Qualit\u00e4t unseres Trinkwassers auch f\u00fcr die n\u00e4chsten Generationen gesichert werden<\/li>\n<li>die Wasserversorgungseinrichtungen wieder auf den Stand der Technik gebracht werden<\/li>\n<li>die Versorgungssicherheit garantiert werden<\/li>\n<li>die gesetzliche Vorgaben und Hygienerichtlinien eingehalten werden und<\/li>\n<li>ein energieeffizienter und sparsamer Betrieb unserer Anlagen gew\u00e4hrleistet werden.<\/li>\n<\/ul>\n<\/div>\n<\/div>\n<h2>\u00a0<\/h2>\n\n\n<p><\/p>\n","protected":false},"excerpt":{"rendered":"<p>Wir stellen als Zweckverband die Wasserversorgung f\u00fcr unsere Mitgliedsgemeinden sicher. Seine Bereitstellung geh\u00f6rt in den Bereich der sogenannten \u00f6ffentlichen Daseinsvorsorge, D.h., weil es als existenziell&#8230;<\/p>\n<div class=\"more-link-wrapper\"><a class=\"more-link\" href=\"https:\/\/www.mittlere-vils.de\/?page_id=2\">Weiterlesen<span class=\"screen-reader-text\">\u00dcber Uns<\/span><\/a><\/div>\n","protected":false},"author":1,"featured_media":0,"parent":0,"menu_order":0,"comment_status":"closed","ping_status":"open","template":"","meta":{"footnotes":""},"class_list":["post-2","page","type-page","status-publish","hentry","entry"],"_links":{"self":[{"href":"https:\/\/www.mittlere-vils.de\/index.php?rest_route=\/wp\/v2\/pages\/2","targetHints":{"allow":["GET"]}}],"collection":[{"href":"https:\/\/www.mittlere-vils.de\/index.php?rest_route=\/wp\/v2\/pages"}],"about":[{"href":"https:\/\/www.mittlere-vils.de\/index.php?rest_route=\/wp\/v2\/types\/page"}],"author":[{"embeddable":true,"href":"https:\/\/www.mittlere-vils.de\/index.php?rest_route=\/wp\/v2\/users\/1"}],"replies":[{"embeddable":true,"href":"https:\/\/www.mittlere-vils.de\/index.php?rest_route=%2Fwp%2Fv2%2Fcomments&post=2"}],"version-history":[{"count":17,"href":"https:\/\/www.mittlere-vils.de\/index.php?rest_route=\/wp\/v2\/pages\/2\/revisions"}],"predecessor-version":[{"id":614,"href":"https:\/\/www.mittlere-vils.de\/index.php?rest_route=\/wp\/v2\/pages\/2\/revisions\/614"}],"wp:attachment":[{"href":"https:\/\/www.mittlere-vils.de\/index.php?rest_route=%2Fwp%2Fv2%2Fmedia&parent=2"}],"curies":[{"name":"wp","href":"https:\/\/api.w.org\/{rel}","templated":true}]}}